{"id":1178,"date":"2015-10-26T15:53:09","date_gmt":"2015-10-26T14:53:09","guid":{"rendered":"http:\/\/www.marin-tullet.com\/?page_id=1178&#038;lang=en"},"modified":"2015-10-26T15:53:09","modified_gmt":"2015-10-26T14:53:09","slug":"finishes","status":"publish","type":"page","link":"https:\/\/www.marin-tullet.com\/en\/finishes\/","title":{"rendered":"Finishes"},"content":{"rendered":"<h2 style=\"width: 100%; float: left;\">Associez bois et m\u00e9tal<\/h2>\n<div><em>Survolez\u00a0pour changer de finition<\/em><\/div>\n<div style=\"width: 100%; float: left;\"><div id=\"metaslider-id-515\" style=\"max-width: 150px; margin: 0 auto;\" class=\"ml-slider-3-28-2 ml-slider-pro-2-6-6 metaslider metaslider-flex metaslider-515 ml-slider decor ms-theme-_theme_1441101359\">\n    <div id=\"metaslider_container_515\">\n        <div id=\"metaslider_515\">\n            <ul aria-live=\"polite\" class=\"slides\">\n                <li data-thumb=\"https:\/\/www.marin-tullet.com\/wp-content\/uploads\/2015\/10\/acajou-45x45.jpg\" style=\"display: block; width: 100%;\" class=\"slide-483 ms-image\"><img loading=\"lazy\" decoding=\"async\" src=\"https:\/\/www.marin-tullet.com\/wp-content\/uploads\/2015\/10\/acajou-150x60.jpg\" height=\"60\" width=\"150\" alt=\"\" class=\"slider-515 slide-483\" \/><div class=\"caption-wrap\"><div class=\"caption\">Acajou<\/div><\/div><\/li>\n                <li data-thumb=\"https:\/\/www.marin-tullet.com\/wp-content\/uploads\/2015\/10\/merisier-45x45.jpg\" style=\"display: none; width: 100%;\" class=\"slide-509 ms-image\"><img loading=\"lazy\" decoding=\"async\" src=\"https:\/\/www.marin-tullet.com\/wp-content\/uploads\/2015\/10\/merisier-150x60.jpg\" height=\"60\" width=\"150\" alt=\"\" class=\"slider-515 slide-509\" \/><div class=\"caption-wrap\"><div class=\"caption\">Merisier<\/div><\/div><\/li>\n                <li data-thumb=\"https:\/\/www.marin-tullet.com\/wp-content\/uploads\/2015\/10\/demi-ton-45x45.jpg\" style=\"display: none; width: 100%;\" class=\"slide-497 ms-image\"><img loading=\"lazy\" decoding=\"async\" src=\"https:\/\/www.marin-tullet.com\/wp-content\/uploads\/2015\/10\/demi-ton-150x60.jpg\" height=\"60\" width=\"150\" alt=\"\" class=\"slider-515 slide-497\" \/><div class=\"caption-wrap\"><div class=\"caption\">Demi-ton<\/div><\/div><\/li>\n                <li data-thumb=\"https:\/\/www.marin-tullet.com\/wp-content\/uploads\/2015\/10\/blanc-45x45.jpg\" style=\"display: none; width: 100%;\" class=\"slide-485 ms-image\"><img loading=\"lazy\" decoding=\"async\" src=\"https:\/\/www.marin-tullet.com\/wp-content\/uploads\/2015\/10\/blanc-150x60.jpg\" height=\"60\" width=\"150\" alt=\"\" class=\"slider-515 slide-485\" \/><div class=\"caption-wrap\"><div class=\"caption\">Blanc<\/div><\/div><\/li>\n                <li data-thumb=\"https:\/\/www.marin-tullet.com\/wp-content\/uploads\/2015\/10\/dore-45x45.jpg\" style=\"display: none; width: 100%;\" class=\"slide-499 ms-image\"><img loading=\"lazy\" decoding=\"async\" src=\"https:\/\/www.marin-tullet.com\/wp-content\/uploads\/2015\/10\/dore-150x60.jpg\" height=\"60\" width=\"150\" alt=\"\" class=\"slider-515 slide-499\" \/><div class=\"caption-wrap\"><div class=\"caption\">Dor\u00e9<\/div><\/div><\/li>\n            <\/ul>\n        <\/div>\n        \n    <\/div>\n<\/div><div id=\"metaslider-id-102\" style=\"max-width: 150px; margin: 0 auto;\" class=\"ml-slider-3-28-2 ml-slider-pro-2-6-6 metaslider metaslider-flex metaslider-102 ml-slider decor ms-theme-_theme_1441101359\">\n    <div id=\"metaslider_container_102\">\n        <div id=\"metaslider_102\">\n            <ul aria-live=\"polite\" class=\"slides\">\n                <li data-thumb=\"https:\/\/www.marin-tullet.com\/wp-content\/uploads\/2015\/10\/laiton-verni-or-45x45.jpg\" style=\"display: block; width: 100%;\" class=\"slide-505 ms-image\"><img loading=\"lazy\" decoding=\"async\" src=\"https:\/\/www.marin-tullet.com\/wp-content\/uploads\/2015\/10\/laiton-verni-or-150x60.jpg\" height=\"60\" width=\"150\" alt=\"\" class=\"slider-102 slide-505\" \/><div class=\"caption-wrap\"><div class=\"caption\">Laiton verni or<\/div><\/div><\/li>\n                <li data-thumb=\"https:\/\/www.marin-tullet.com\/wp-content\/uploads\/2015\/10\/laiton-verni-45x45.jpg\" style=\"display: none; width: 100%;\" class=\"slide-507 ms-image\"><img loading=\"lazy\" decoding=\"async\" src=\"https:\/\/www.marin-tullet.com\/wp-content\/uploads\/2015\/10\/laiton-verni-150x60.jpg\" height=\"60\" width=\"150\" alt=\"\" class=\"slider-102 slide-507\" \/><div class=\"caption-wrap\"><div class=\"caption\">Laiton verni<\/div><\/div><\/li>\n                <li data-thumb=\"https:\/\/www.marin-tullet.com\/wp-content\/uploads\/2015\/10\/fer-forge-45x45.jpg\" style=\"display: none; width: 100%;\" class=\"slide-503 ms-image\"><img loading=\"lazy\" decoding=\"async\" src=\"https:\/\/www.marin-tullet.com\/wp-content\/uploads\/2015\/10\/fer-forge-150x60.jpg\" height=\"60\" width=\"150\" alt=\"\" class=\"slider-102 slide-503\" \/><div class=\"caption-wrap\"><div class=\"caption\">Fer forg\u00e9<\/div><\/div><\/li>\n                <li data-thumb=\"https:\/\/www.marin-tullet.com\/wp-content\/uploads\/2015\/10\/dorure-nitrate-45x45.jpg\" style=\"display: none; width: 100%;\" class=\"slide-501 ms-image\"><img loading=\"lazy\" decoding=\"async\" src=\"https:\/\/www.marin-tullet.com\/wp-content\/uploads\/2015\/10\/dorure-nitrate-150x60.jpg\" height=\"60\" width=\"150\" alt=\"\" class=\"slider-102 slide-501\" \/><div class=\"caption-wrap\"><div class=\"caption\">Dorure nitrate<\/div><\/div><\/li>\n                <li data-thumb=\"https:\/\/www.marin-tullet.com\/wp-content\/uploads\/2015\/10\/nickel-mat-45x45.jpg\" style=\"display: none; width: 100%;\" class=\"slide-513 ms-image\"><img loading=\"lazy\" decoding=\"async\" src=\"https:\/\/www.marin-tullet.com\/wp-content\/uploads\/2015\/10\/nickel-mat-150x60.jpg\" height=\"60\" width=\"150\" alt=\"\" class=\"slider-102 slide-513\" \/><div class=\"caption-wrap\"><div class=\"caption\">Nickel mat<\/div><\/div><\/li>\n                <li data-thumb=\"https:\/\/www.marin-tullet.com\/wp-content\/uploads\/2015\/10\/nickel-brillant-45x45.jpg\" style=\"display: none; width: 100%;\" class=\"slide-511 ms-image\"><img loading=\"lazy\" decoding=\"async\" src=\"https:\/\/www.marin-tullet.com\/wp-content\/uploads\/2015\/10\/nickel-brillant-150x60.jpg\" height=\"60\" width=\"150\" alt=\"\" class=\"slider-102 slide-511\" \/><div class=\"caption-wrap\"><div class=\"caption\">Nickel brillant<\/div><\/div><\/li>\n                <li data-thumb=\"https:\/\/www.marin-tullet.com\/wp-content\/uploads\/2015\/10\/bronze-medaille-clair-45x45.jpg\" style=\"display: none; width: 100%;\" class=\"slide-487 ms-image\"><img loading=\"lazy\" decoding=\"async\" src=\"https:\/\/www.marin-tullet.com\/wp-content\/uploads\/2015\/10\/bronze-medaille-clair-150x60.jpg\" height=\"60\" width=\"150\" alt=\"\" class=\"slider-102 slide-487\" \/><div class=\"caption-wrap\"><div class=\"caption\">Bronze m\u00e9daille clair<\/div><\/div><\/li>\n                <li data-thumb=\"https:\/\/www.marin-tullet.com\/wp-content\/uploads\/2015\/10\/bronze-medaille-moyen-45x45.jpg\" style=\"display: none; width: 100%;\" class=\"slide-489 ms-image\"><img loading=\"lazy\" decoding=\"async\" src=\"https:\/\/www.marin-tullet.com\/wp-content\/uploads\/2015\/10\/bronze-medaille-moyen-150x60.jpg\" height=\"60\" width=\"150\" alt=\"\" class=\"slider-102 slide-489\" \/><div class=\"caption-wrap\"><div class=\"caption\">Bronze m\u00e9daille moyen<\/div><\/div><\/li>\n                <li data-thumb=\"https:\/\/www.marin-tullet.com\/wp-content\/uploads\/2015\/10\/bronze-medaille-sombre-45x45.jpg\" style=\"display: none; width: 100%;\" class=\"slide-491 ms-image\"><img loading=\"lazy\" decoding=\"async\" src=\"https:\/\/www.marin-tullet.com\/wp-content\/uploads\/2015\/10\/bronze-medaille-sombre-150x60.jpg\" height=\"60\" width=\"150\" alt=\"\" class=\"slider-102 slide-491\" \/><div class=\"caption-wrap\"><div class=\"caption\">Bronze m\u00e9daille sombre<\/div><\/div><\/li>\n                <li data-thumb=\"https:\/\/www.marin-tullet.com\/wp-content\/uploads\/2015\/10\/canon-de-fusil-brosse-45x45.jpg\" style=\"display: none; width: 100%;\" class=\"slide-495 ms-image\"><img loading=\"lazy\" decoding=\"async\" src=\"https:\/\/www.marin-tullet.com\/wp-content\/uploads\/2015\/10\/canon-de-fusil-brosse-150x60.jpg\" height=\"60\" width=\"150\" alt=\"\" class=\"slider-102 slide-495\" \/><div class=\"caption-wrap\"><div class=\"caption\">Canon de fusil bross\u00e9<\/div><\/div><\/li>\n                <li data-thumb=\"https:\/\/www.marin-tullet.com\/wp-content\/uploads\/2015\/10\/canon-de-fusil-brillant-45x45.jpg\" style=\"display: none; width: 100%;\" class=\"slide-493 ms-image\"><img loading=\"lazy\" decoding=\"async\" src=\"https:\/\/www.marin-tullet.com\/wp-content\/uploads\/2015\/10\/canon-de-fusil-brillant-150x60.jpg\" height=\"60\" width=\"150\" alt=\"\" class=\"slider-102 slide-493\" \/><div class=\"caption-wrap\"><div class=\"caption\">Canon de fusil brillant<\/div><\/div><\/li>\n            <\/ul>\n        <\/div>\n        \n    <\/div>\n<\/div><\/div>\n<p>&nbsp;<\/p>\n<hr \/>\n<h2>D\u00e9cors standards disponibles :<\/h2>\n<p>D\u2019autres finitions peuvent \u00eatre r\u00e9alis\u00e9es sur demande ou \u00e9chantillon.<\/p>\n<p><a href=\"https:\/\/www.marin-tullet.com\/contact-marin-tullet\/\">Contactez-nous.<\/a><\/p>\n<p>&nbsp;<\/p>\n<div class=\"csRow\">\n<div class=\"csColumn\" style=\"margin: 0px; padding: 0px; float: left; width: 49.2%;\" data-csstartpoint=\"0\" data-csendpoint=\"504\" data-cswidth=\"49.2%\" data-csid=\"b8f634b0-7b39-f43d-b110-b82bd71f99ae\">\n<h2>D\u00e9cors sur M\u00c9TAL<\/h2>\n<div id=\"attachment_513\" style=\"width: 160px\" class=\"wp-caption alignleft\"><img loading=\"lazy\" decoding=\"async\" aria-describedby=\"caption-attachment-513\" class=\"wp-image-513 size-thumbnail\" src=\"http:\/\/www.marin-tullet.com\/wp-content\/uploads\/2015\/10\/nickel-mat-150x90.jpg\" alt=\"Nickel mat\" width=\"150\" height=\"90\" \/><p id=\"caption-attachment-513\" class=\"wp-caption-text\">Nickel mat<\/p><\/div>\n<div id=\"attachment_511\" style=\"width: 160px\" class=\"wp-caption alignleft\"><img loading=\"lazy\" decoding=\"async\" aria-describedby=\"caption-attachment-511\" class=\"wp-image-511 size-thumbnail\" src=\"http:\/\/www.marin-tullet.com\/wp-content\/uploads\/2015\/10\/nickel-brillant-150x90.jpg\" alt=\"Nickel brillant\" width=\"150\" height=\"90\" \/><p id=\"caption-attachment-511\" class=\"wp-caption-text\">Nickel brillant<\/p><\/div>\n<div id=\"attachment_507\" style=\"width: 160px\" class=\"wp-caption alignleft\"><img loading=\"lazy\" decoding=\"async\" aria-describedby=\"caption-attachment-507\" class=\"wp-image-507 size-thumbnail\" src=\"http:\/\/www.marin-tullet.com\/wp-content\/uploads\/2015\/10\/laiton-verni-150x90.jpg\" alt=\"Laiton verni\" width=\"150\" height=\"90\" \/><p id=\"caption-attachment-507\" class=\"wp-caption-text\">Laiton verni<\/p><\/div>\n<div id=\"attachment_505\" style=\"width: 160px\" class=\"wp-caption alignleft\"><a href=\"http:\/\/www.marin-tullet.com\/wp-content\/uploads\/2015\/10\/laiton-verni-or.jpg\"><img loading=\"lazy\" decoding=\"async\" aria-describedby=\"caption-attachment-505\" class=\"wp-image-505 size-thumbnail\" src=\"http:\/\/www.marin-tullet.com\/wp-content\/uploads\/2015\/10\/laiton-verni-or-150x90.jpg\" alt=\"Laiton verni or\" width=\"150\" height=\"90\" \/><\/a><p id=\"caption-attachment-505\" class=\"wp-caption-text\">Laiton verni or<\/p><\/div>\n<div id=\"attachment_503\" style=\"width: 160px\" class=\"wp-caption alignleft\"><a href=\"http:\/\/www.marin-tullet.com\/wp-content\/uploads\/2015\/10\/fer-forge.jpg\"><img loading=\"lazy\" decoding=\"async\" aria-describedby=\"caption-attachment-503\" class=\"wp-image-503 size-thumbnail\" src=\"http:\/\/www.marin-tullet.com\/wp-content\/uploads\/2015\/10\/fer-forge-150x90.jpg\" alt=\"Fer forg\u00e9\" width=\"150\" height=\"90\" \/><\/a><p id=\"caption-attachment-503\" class=\"wp-caption-text\">Fer forg\u00e9<\/p><\/div>\n<div id=\"attachment_501\" style=\"width: 160px\" class=\"wp-caption alignleft\"><a href=\"http:\/\/www.marin-tullet.com\/wp-content\/uploads\/2015\/10\/dorure-nitrate.jpg\"><img loading=\"lazy\" decoding=\"async\" aria-describedby=\"caption-attachment-501\" class=\"wp-image-501 size-thumbnail\" src=\"http:\/\/www.marin-tullet.com\/wp-content\/uploads\/2015\/10\/dorure-nitrate-150x90.jpg\" alt=\"Dorure nitrate\" width=\"150\" height=\"90\" \/><\/a><p id=\"caption-attachment-501\" class=\"wp-caption-text\">Dorure nitrate<\/p><\/div>\n<div id=\"attachment_495\" style=\"width: 160px\" class=\"wp-caption alignleft\"><a href=\"http:\/\/www.marin-tullet.com\/wp-content\/uploads\/2015\/10\/canon-de-fusil-brosse.jpg\"><img loading=\"lazy\" decoding=\"async\" aria-describedby=\"caption-attachment-495\" class=\"wp-image-495 size-thumbnail\" src=\"http:\/\/www.marin-tullet.com\/wp-content\/uploads\/2015\/10\/canon-de-fusil-brosse-150x90.jpg\" alt=\"Canon de fusil bross\u00e9\" width=\"150\" height=\"90\" \/><\/a><p id=\"caption-attachment-495\" class=\"wp-caption-text\">Canon de fusil bross\u00e9<\/p><\/div>\n<div id=\"attachment_493\" style=\"width: 160px\" class=\"wp-caption alignleft\"><a href=\"http:\/\/www.marin-tullet.com\/wp-content\/uploads\/2015\/10\/canon-de-fusil-brillant.jpg\"><img loading=\"lazy\" decoding=\"async\" aria-describedby=\"caption-attachment-493\" class=\"wp-image-493 size-thumbnail\" src=\"http:\/\/www.marin-tullet.com\/wp-content\/uploads\/2015\/10\/canon-de-fusil-brillant-150x90.jpg\" alt=\"Canon de fusil brillant\" width=\"150\" height=\"90\" \/><\/a><p id=\"caption-attachment-493\" class=\"wp-caption-text\">Canon de fusil brillant<\/p><\/div>\n<div id=\"attachment_491\" style=\"width: 160px\" class=\"wp-caption alignleft\"><a href=\"http:\/\/www.marin-tullet.com\/wp-content\/uploads\/2015\/10\/bronze-medaille-sombre.jpg\"><img loading=\"lazy\" decoding=\"async\" aria-describedby=\"caption-attachment-491\" class=\"wp-image-491 size-thumbnail\" src=\"http:\/\/www.marin-tullet.com\/wp-content\/uploads\/2015\/10\/bronze-medaille-sombre-150x90.jpg\" alt=\"Bronze m\u00e9daille sombre\" width=\"150\" height=\"90\" \/><\/a><p id=\"caption-attachment-491\" class=\"wp-caption-text\">Bronze m\u00e9daille sombre<\/p><\/div>\n<div id=\"attachment_489\" style=\"width: 160px\" class=\"wp-caption alignleft\"><a href=\"http:\/\/www.marin-tullet.com\/wp-content\/uploads\/2015\/10\/bronze-medaille-moyen.jpg\"><img loading=\"lazy\" decoding=\"async\" aria-describedby=\"caption-attachment-489\" class=\"wp-image-489 size-thumbnail\" src=\"http:\/\/www.marin-tullet.com\/wp-content\/uploads\/2015\/10\/bronze-medaille-moyen-150x90.jpg\" alt=\"Bronze m\u00e9daille moyen\" width=\"150\" height=\"90\" \/><\/a><p id=\"caption-attachment-489\" class=\"wp-caption-text\">Bronze m\u00e9daille moyen<\/p><\/div>\n<div id=\"attachment_487\" style=\"width: 160px\" class=\"wp-caption alignleft\"><a href=\"http:\/\/www.marin-tullet.com\/wp-content\/uploads\/2015\/10\/bronze-medaille-clair.jpg\"><img loading=\"lazy\" decoding=\"async\" aria-describedby=\"caption-attachment-487\" class=\"wp-image-487 size-thumbnail\" src=\"http:\/\/www.marin-tullet.com\/wp-content\/uploads\/2015\/10\/bronze-medaille-clair-150x90.jpg\" alt=\"Bronze m\u00e9daille clair\" width=\"150\" height=\"90\" \/><\/a><p id=\"caption-attachment-487\" class=\"wp-caption-text\">Bronze m\u00e9daille clair<\/p><\/div>\n<\/div>\n<div class=\"csColumnGap\" style=\"margin: 0px; padding: 0px; float: left; width: 1.46%;\"><img decoding=\"async\" style=\"border: none;\" src=\"http:\/\/www.marin-tullet.com\/wp-content\/plugins\/advanced-wp-columns\/assets\/js\/plugins\/views\/img\/1x1-pixel.png\" alt=\"\" \/><\/div>\n<div class=\"csColumn\" style=\"margin: 0px; padding: 0px; float: left; width: 49.3%;\" data-csstartpoint=\"519\" data-csendpoint=\"1024\" data-cswidth=\"49.3%\" data-csid=\"f431f6d4-e61a-86b3-85f0-33123565e120\">\n<h2>Teintes BOIS<\/h2>\n<div id=\"attachment_485\" style=\"width: 160px\" class=\"wp-caption alignleft\"><img loading=\"lazy\" decoding=\"async\" aria-describedby=\"caption-attachment-485\" class=\"wp-image-485 size-thumbnail\" src=\"http:\/\/www.marin-tullet.com\/wp-content\/uploads\/2015\/10\/blanc-150x90.jpg\" alt=\"Blanc\" width=\"150\" height=\"90\" \/><p id=\"caption-attachment-485\" class=\"wp-caption-text\">Blanc<\/p><\/div>\n<div id=\"attachment_499\" style=\"width: 160px\" class=\"wp-caption alignleft\"><img loading=\"lazy\" decoding=\"async\" aria-describedby=\"caption-attachment-499\" class=\"wp-image-499 size-thumbnail\" src=\"http:\/\/www.marin-tullet.com\/wp-content\/uploads\/2015\/10\/dore-150x90.jpg\" alt=\"Dor\u00e9\" width=\"150\" height=\"90\" \/><p id=\"caption-attachment-499\" class=\"wp-caption-text\">Dor\u00e9<\/p><\/div>\n<div id=\"attachment_509\" style=\"width: 160px\" class=\"wp-caption alignleft\"><img loading=\"lazy\" decoding=\"async\" aria-describedby=\"caption-attachment-509\" class=\"wp-image-509 size-thumbnail\" src=\"http:\/\/www.marin-tullet.com\/wp-content\/uploads\/2015\/10\/merisier-150x90.jpg\" alt=\"Merisier\" width=\"150\" height=\"90\" \/><p id=\"caption-attachment-509\" class=\"wp-caption-text\">Merisier<\/p><\/div>\n<div id=\"attachment_497\" style=\"width: 160px\" class=\"wp-caption alignleft\"><img loading=\"lazy\" decoding=\"async\" aria-describedby=\"caption-attachment-497\" class=\"wp-image-497 size-thumbnail\" src=\"http:\/\/www.marin-tullet.com\/wp-content\/uploads\/2015\/10\/demi-ton-150x90.jpg\" alt=\"Demi-ton\" width=\"150\" height=\"90\" \/><p id=\"caption-attachment-497\" class=\"wp-caption-text\">Demi-ton<\/p><\/div>\n<div id=\"attachment_483\" style=\"width: 160px\" class=\"wp-caption alignleft\"><img loading=\"lazy\" decoding=\"async\" aria-describedby=\"caption-attachment-483\" class=\"wp-image-483 size-thumbnail\" src=\"http:\/\/www.marin-tullet.com\/wp-content\/uploads\/2015\/10\/acajou-150x90.jpg\" alt=\"Acajou\" width=\"150\" height=\"90\" \/><p id=\"caption-attachment-483\" class=\"wp-caption-text\">Acajou<\/p><\/div>\n<\/div>\n<div style=\"clear: both; float: none; display: block; visibility: hidden; width: 0px; font-size: 0px; line-height: 0;\"><\/div>\n<\/div>\n<p>&nbsp;<\/p>\n","protected":false},"excerpt":{"rendered":"<p>Associez bois et m\u00e9tal Survolez\u00a0pour changer de finition &nbsp; D\u00e9cors standards disponibles : D\u2019autres finitions peuvent \u00eatre r\u00e9alis\u00e9es sur demande ou \u00e9chantillon. Contactez-nous. &nbsp; D\u00e9cors sur M\u00c9TAL Teintes BOIS &nbsp;<\/p>\n","protected":false},"author":1,"featured_media":0,"parent":0,"menu_order":0,"comment_status":"closed","ping_status":"closed","template":"","meta":{"footnotes":""},"_links":{"self":[{"href":"https:\/\/www.marin-tullet.com\/en\/wp-json\/wp\/v2\/pages\/1178"}],"collection":[{"href":"https:\/\/www.marin-tullet.com\/en\/wp-json\/wp\/v2\/pages"}],"about":[{"href":"https:\/\/www.marin-tullet.com\/en\/wp-json\/wp\/v2\/types\/page"}],"author":[{"embeddable":true,"href":"https:\/\/www.marin-tullet.com\/en\/wp-json\/wp\/v2\/users\/1"}],"replies":[{"embeddable":true,"href":"https:\/\/www.marin-tullet.com\/en\/wp-json\/wp\/v2\/comments?post=1178"}],"version-history":[{"count":1,"href":"https:\/\/www.marin-tullet.com\/en\/wp-json\/wp\/v2\/pages\/1178\/revisions"}],"predecessor-version":[{"id":1179,"href":"https:\/\/www.marin-tullet.com\/en\/wp-json\/wp\/v2\/pages\/1178\/revisions\/1179"}],"wp:attachment":[{"href":"https:\/\/www.marin-tullet.com\/en\/wp-json\/wp\/v2\/media?parent=1178"}],"curies":[{"name":"wp","href":"https:\/\/api.w.org\/{rel}","templated":true}]}}