{"id":1181,"date":"2015-10-26T16:10:33","date_gmt":"2015-10-26T15:10:33","guid":{"rendered":"http:\/\/www.marin-tullet.com\/?page_id=1181&#038;lang=en"},"modified":"2016-01-05T16:46:37","modified_gmt":"2016-01-05T15:46:37","slug":"legal-notice","status":"publish","type":"page","link":"https:\/\/www.marin-tullet.com\/en\/legal-notice\/","title":{"rendered":"Legal notice"},"content":{"rendered":"<h2>MARIN &amp; TULLET<\/h2>\n<p><strong>MARIN&amp;TULLET<\/strong> \u2013 PARIS | Si\u00e8ge Social : 7, rue de Monceau, 75008 Paris<br \/>\nT\u00e9l. 33 (0) 1 42 25 09 10 | Fax. 33 (0) 1 42 25 81 04 | E-mail : info@marin-tullet.com<br \/>\nResponsable de la r\u00e9daction : <strong>Sandrine Bourdon<\/strong><\/p>\n<p>&nbsp;<\/p>\n<h2>Web Design<\/h2>\n<p><strong>TRACE design<\/strong> |\u00a0148 Chemin de Layettaz 38080 Saint Marcel Bel Accueil<br \/>\n<strong><em>Studio de design graphique sp\u00e9cialis\u00e9 en web design et communication visuelle.<\/em><\/strong><br \/>\n<a href=\"http:\/\/www.trace-design.fr\" target=\"_blank\">www.trace-design.fr<\/a>\u00a0|\u00a0contact@trace-design.fr<\/p>\n<p>Responsable :<strong> Jean Roche<\/strong> |\u00a0T\u00e9l.\u00a006 87 46 77 25<\/p>\n<p>&nbsp;<\/p>\n<h2>H\u00e9bergement<\/h2>\n<p><strong>Infomaniak<\/strong><br \/>\n<a href=\"https:\/\/www.infomaniak.ch\" target=\"_blank\">www.Infomaniak.ch<\/a><\/p>\n<p>&nbsp;<\/p>\n<h2>Informations techniques<\/h2>\n<p>Il est rappel\u00e9 que le secret des correspondances n\u2019est pas garanti sur le r\u00e9seau Internet et qu\u2019il appartient \u00e0 chaque utilisateur d\u2019Internet de prendre toutes les mesures appropri\u00e9es de fa\u00e7on \u00e0 prot\u00e9ger ses propres donn\u00e9es et\/ou logiciels de la contamination d\u2019\u00e9ventuels virus circulant sur Internet.<\/p>\n<p>&nbsp;<\/p>\n<h2>Donn\u00e9es personnelles<\/h2>\n<p>Les informations que vous aurez saisies sur le site de MARIN &amp; TULLET pourront \u00eatre enregistr\u00e9es pour leur traitement exclusif par MARIN &amp; TULLET. Vous disposez d\u2019un droit d\u2019acc\u00e8s, de modification, de rectification et de suppression concernant les donn\u00e9es collect\u00e9es sur ce site, dans les conditions pr\u00e9vues par la loi n\u00b078-17 du 6 janvier 1978 (modifi\u00e9e) relative \u00e0 l\u2019informatique, aux fichiers et aux libert\u00e9s.<br \/>\nPour l\u2019exercer, adressez-vous au gestionnaire du site :<br \/>\npar courrier postal : MARIN &amp; TULLET | 7, rue de Monceau, 75008 Paris<br \/>\npar E-mail : info@marin-tullet.com<\/p>\n<p>&nbsp;<\/p>\n<h2>Liens hypertextes<\/h2>\n<p>Les liens hypertextes \u00e9tablis en direction d\u2019autres sites \u00e0 partir de \u00bb marin-tullet.com \u00bb ne sauraient, en aucun cas, engager la responsabilit\u00e9 de MARIN &amp; TULLET.<\/p>\n<p>&nbsp;<\/p>\n<h2>Droits d\u2019auteur<\/h2>\n<p>La reproduction ou repr\u00e9sentation, int\u00e9grale ou partielle, des pages, des donn\u00e9es et de toute autre \u00e9l\u00e9ment constitutif au site, par quelque proc\u00e9d\u00e9 ou support que ce soit, est interdite et constitue sans autorisation de l\u2019\u00e9diteur une contrefa\u00e7on.<\/p>\n<p>&nbsp;<\/p>\n","protected":false},"excerpt":{"rendered":"<p>MARIN &amp; TULLET MARIN&amp;TULLET \u2013 PARIS | Si\u00e8ge Social : 7, rue de Monceau, 75008 Paris T\u00e9l. 33 (0) 1 42 25 09 10 | Fax. 33 (0) 1 42 25 81 04 | E-mail : info@marin-tullet.com Responsable de la r\u00e9daction : Sandrine Bourdon &nbsp; Web Design TRACE design |\u00a0148 Chemin de Layettaz 38080 Saint [&hellip;]<\/p>\n","protected":false},"author":1,"featured_media":0,"parent":0,"menu_order":0,"comment_status":"closed","ping_status":"closed","template":"","meta":{"footnotes":""},"_links":{"self":[{"href":"https:\/\/www.marin-tullet.com\/en\/wp-json\/wp\/v2\/pages\/1181"}],"collection":[{"href":"https:\/\/www.marin-tullet.com\/en\/wp-json\/wp\/v2\/pages"}],"about":[{"href":"https:\/\/www.marin-tullet.com\/en\/wp-json\/wp\/v2\/types\/page"}],"author":[{"embeddable":true,"href":"https:\/\/www.marin-tullet.com\/en\/wp-json\/wp\/v2\/users\/1"}],"replies":[{"embeddable":true,"href":"https:\/\/www.marin-tullet.com\/en\/wp-json\/wp\/v2\/comments?post=1181"}],"version-history":[{"count":3,"href":"https:\/\/www.marin-tullet.com\/en\/wp-json\/wp\/v2\/pages\/1181\/revisions"}],"predecessor-version":[{"id":1734,"href":"https:\/\/www.marin-tullet.com\/en\/wp-json\/wp\/v2\/pages\/1181\/revisions\/1734"}],"wp:attachment":[{"href":"https:\/\/www.marin-tullet.com\/en\/wp-json\/wp\/v2\/media?parent=1181"}],"curies":[{"name":"wp","href":"https:\/\/api.w.org\/{rel}","templated":true}]}}