{"id":1183,"date":"2015-10-26T16:11:33","date_gmt":"2015-10-26T15:11:33","guid":{"rendered":"http:\/\/www.marin-tullet.com\/?page_id=1183&#038;lang=en"},"modified":"2021-03-08T15:16:34","modified_gmt":"2021-03-08T14:16:34","slug":"contact","status":"publish","type":"page","link":"https:\/\/www.marin-tullet.com\/en\/contact\/","title":{"rendered":"Contact"},"content":{"rendered":"<p>MARIN&amp;TULLET &#8211; PARIS | \u00a07, rue de Monceau, 75008 Paris<br \/>\nTel. 33 (0) 1 42 25 09 10 | Fax. 33 (0) 1 42 25 81 04 | e-mail : info@marin-tullet.com<br \/>\n\n\t\t<div id=\"intergeo_mapwcjN\" class=\"intergeo_map_canvas\" style=\"width:100%;height:300px;width:100%;height:300px;\"><\/div>\n\t\t<script type=\"text\/javascript\">\n\t\t\t\/* <![CDATA[ *\/\n\t\t\tif (!window.intergeo_maps) window.intergeo_maps = [];\n\t\t\twindow.intergeo_maps.push( { container: 'intergeo_mapwcjN', options: {\"lat\":48.8754749,\"lng\":2.3064408,\"zoom\":12,\"styles\":{\"type\":\"GREYSCALE\"},\"overlays\":{\"marker\":[{\"position\":[\"48.875449\",\"2.306555\"],\"icon\":false,\"info\":\"MARIN TULLET<\\\/br>\\r\\n7, rue de Monceau<\\\/br>\\r\\n75008 Paris<\\\/br>\",\"title\":\"MARIN TULLET\"}]}} } );\n\t\t\tif (!window.intergeo_maps_current) window.intergeo_maps_current = null;\n\t\t\t\/* ]]> *\/\n\t\t<\/script>\n\t\t<\/p>\n<\/p>\n<h2>Information request<\/h2>\n<\/p>\n<div style=\"width: 100%; float: left;\"><div class=\"wpcf7 no-js\" id=\"wpcf7-f1526-o1\" lang=\"en-US\" dir=\"ltr\">\n<div class=\"screen-reader-response\"><p role=\"status\" aria-live=\"polite\" aria-atomic=\"true\"><\/p> <ul><\/ul><\/div>\n<form action=\"\/en\/wp-json\/wp\/v2\/pages\/1183#wpcf7-f1526-o1\" method=\"post\" class=\"wpcf7-form init\" aria-label=\"Contact form\" enctype=\"multipart\/form-data\" novalidate=\"novalidate\" data-status=\"init\">\n<div style=\"display: none;\">\n<input type=\"hidden\" name=\"_wpcf7\" value=\"1526\" \/>\n<input type=\"hidden\" name=\"_wpcf7_version\" value=\"5.7.2\" \/>\n<input type=\"hidden\" name=\"_wpcf7_locale\" value=\"en_US\" \/>\n<input type=\"hidden\" name=\"_wpcf7_unit_tag\" value=\"wpcf7-f1526-o1\" \/>\n<input type=\"hidden\" name=\"_wpcf7_container_post\" value=\"0\" \/>\n<input type=\"hidden\" name=\"_wpcf7_posted_data_hash\" value=\"\" \/>\n<\/div>\n<p>OBJET<abbr class=\"required\" title=\"requis\">*<\/abbr> :<span class=\"wpcf7-form-control-wrap\" data-name=\"objet\"><select class=\"wpcf7-form-control wpcf7-select wpcf7-validates-as-required\" aria-required=\"true\" aria-invalid=\"false\" name=\"objet\"><option value=\"\"><\/option><option value=\"Information request\">Information request<\/option><option value=\"Prescribe our products\">Prescribe our products<\/option><option value=\"Candidature spontan\u00e9e\">Candidature spontan\u00e9e<\/option><option value=\"Other\">Other<\/option><\/select><\/span>\n<\/p>\n<div style=\"float:left;width:50%;\">\n\t<p><label>Your first name<abbr class=\"required\" title=\"requis\">*<\/abbr><\/label><span class=\"wpcf7-form-control-wrap\" data-name=\"your-nom\"><input size=\"40\" class=\"wpcf7-form-control wpcf7-text wpcf7-validates-as-required\" aria-required=\"true\" aria-invalid=\"false\" value=\"\" type=\"text\" name=\"your-nom\" \/><\/span>\n\t<\/p>\n\t<p><label>Your name<abbr class=\"required\" title=\"requis\">*<\/abbr><\/label><span class=\"wpcf7-form-control-wrap\" data-name=\"your-prenom\"><input size=\"40\" class=\"wpcf7-form-control wpcf7-text wpcf7-validates-as-required\" aria-required=\"true\" aria-invalid=\"false\" value=\"\" type=\"text\" name=\"your-prenom\" \/><\/span>\n\t<\/p>\n\t<p><label>Your Position<\/label><span class=\"wpcf7-form-control-wrap\" data-name=\"your-fonction\"><input size=\"40\" class=\"wpcf7-form-control wpcf7-text\" aria-invalid=\"false\" value=\"\" type=\"text\" name=\"your-fonction\" \/><\/span>\n\t<\/p>\n\t<p><label>Your e-mail <abbr class=\"required\" title=\"requis\">*<\/abbr><\/label><span class=\"wpcf7-form-control-wrap\" data-name=\"your-email\"><input size=\"40\" class=\"wpcf7-form-control wpcf7-text wpcf7-email wpcf7-validates-as-required wpcf7-validates-as-email\" aria-required=\"true\" aria-invalid=\"false\" value=\"\" type=\"email\" name=\"your-email\" \/><\/span>\n\t<\/p>\n\t<p><label>Your Tel <abbr class=\"required\" title=\"requis\">*<\/abbr><\/label><span class=\"wpcf7-form-control-wrap\" data-name=\"your-tel\"><input size=\"40\" class=\"wpcf7-form-control wpcf7-text wpcf7-tel wpcf7-validates-as-required wpcf7-validates-as-tel\" aria-required=\"true\" aria-invalid=\"false\" value=\"\" type=\"tel\" name=\"your-tel\" \/><\/span>\n\t<\/p>\n<\/div>\n<div style=\"float:left;width:50%;\">\n\t<p><label>Company<\/label><span class=\"wpcf7-form-control-wrap\" data-name=\"your-societe\"><input size=\"40\" class=\"wpcf7-form-control wpcf7-text\" aria-invalid=\"false\" value=\"\" type=\"text\" name=\"your-societe\" \/><\/span>\n\t<\/p>\n\t<p><label>Activity<\/label><span class=\"wpcf7-form-control-wrap\" data-name=\"your-activite\"><input size=\"40\" class=\"wpcf7-form-control wpcf7-text\" aria-invalid=\"false\" value=\"\" type=\"text\" name=\"your-activite\" \/><\/span>\n\t<\/p>\n\t<p><label>Adress<abbr class=\"required\" title=\"requis\">*<\/abbr><\/label><span class=\"wpcf7-form-control-wrap\" data-name=\"your-adresse\"><input size=\"40\" class=\"wpcf7-form-control wpcf7-text wpcf7-validates-as-required\" aria-required=\"true\" aria-invalid=\"false\" value=\"\" type=\"text\" name=\"your-adresse\" \/><\/span>\n\t<\/p>\n\t<p><label>Post code<abbr class=\"required\" title=\"requis\">*<\/abbr><\/label><span class=\"wpcf7-form-control-wrap\" data-name=\"your-code\"><input size=\"40\" class=\"wpcf7-form-control wpcf7-text wpcf7-validates-as-required\" aria-required=\"true\" aria-invalid=\"false\" value=\"\" type=\"text\" name=\"your-code\" \/><\/span>\n\t<\/p>\n\t<p><label>Town<abbr class=\"required\" title=\"requis\">*<\/abbr><\/label><span class=\"wpcf7-form-control-wrap\" data-name=\"your-ville\"><input size=\"40\" class=\"wpcf7-form-control wpcf7-text wpcf7-validates-as-required\" aria-required=\"true\" aria-invalid=\"false\" value=\"\" type=\"text\" name=\"your-ville\" \/><\/span>\n\t<\/p>\n\t<p><label>Country<abbr class=\"required\" title=\"requis\">*<\/abbr><\/label><span class=\"wpcf7-form-control-wrap\" data-name=\"your-pays\"><input size=\"40\" class=\"wpcf7-form-control wpcf7-text wpcf7-validates-as-required\" aria-required=\"true\" aria-invalid=\"false\" value=\"\" type=\"text\" name=\"your-pays\" \/><\/span>\n\t<\/p>\n<\/div>\n<div style=\"float:left;width:50%;padding-right:50%;\">\n\t<p><label>Send File<\/label><span class=\"wpcf7-form-control-wrap\" data-name=\"file-213\"><input size=\"40\" class=\"wpcf7-form-control wpcf7-file\" accept=\"audio\/*,video\/*,image\/*\" aria-invalid=\"false\" type=\"file\" name=\"file-213\" \/><\/span>\n\t<\/p>\n\t<p><label>Suggestions<\/label><span class=\"wpcf7-form-control-wrap\" data-name=\"your-message\"><textarea cols=\"40\" rows=\"10\" class=\"wpcf7-form-control wpcf7-textarea\" aria-invalid=\"false\" name=\"your-message\"><\/textarea><\/span>\n\t<\/p>\n<\/div>\n<div style=\"float:left;width:100%;\">\n\t<p>Captcha :\n\t<\/p>\n\t<p><span class=\"wpcf7-form-control-wrap kc_captcha\" data-name=\"kc_captcha\"><span class=\"wpcf7-form-control wpcf7-radio\"> \n    <span class=\"captcha-image\" >\n        <span class=\"cf7ic_instructions\">Please prove you are human by selecting the <span> Truck<\/span>.<\/span><label><input type=\"radio\" name=\"kc_captcha\" value=\"bot\" \/><svg width=\"50\" height=\"50\" aria-hidden=\"true\" role=\"img\" xmlns=\"http:\/\/www.w3.org\/2000\/svg\" viewBox=\"0 0 640 512\"><path fill=\"currentColor\" d=\"M192 384h192c53 0 96-43 96-96h32a128 128 0 000-256H120c-13 0-24 11-24 24v232c0 53 43 96 96 96zM512 96a64 64 0 010 128h-32V96h32zm48 384H48c-47 0-61-64-36-64h584c25 0 11 64-36 64z\"\/><\/svg><\/label><label><input type=\"radio\" name=\"kc_captcha\" value=\"kc_human\" \/><svg width=\"50\" height=\"50\" aria-hidden=\"true\" role=\"img\" xmlns=\"http:\/\/www.w3.org\/2000\/svg\" viewBox=\"0 0 640 512\"><path fill=\"currentColor\" d=\"M624 352h-16V244c0-13-5-25-14-34L494 110c-9-9-21-14-34-14h-44V48c0-26-21-48-48-48H48C22 0 0 22 0 48v320c0 27 22 48 48 48h16a96 96 0 00192 0h128a96 96 0 00192 0h48c9 0 16-7 16-16v-32c0-9-7-16-16-16zM160 464a48 48 0 110-96 48 48 0 010 96zm320 0a48 48 0 110-96 48 48 0 010 96zm80-208H416V144h44l100 100v12z\"\/><\/svg><\/label><label><input type=\"radio\" name=\"kc_captcha\" value=\"bot\" \/><svg width=\"50\" height=\"50\" aria-hidden=\"true\" role=\"img\" xmlns=\"http:\/\/www.w3.org\/2000\/svg\" viewBox=\"0 0 576 512\"><path fill=\"currentColor\" d=\"M472 200H360L256 6a12 12 0 00-10-6h-58c-8 0-14 7-12 15l34 185H100l-35-58a12 12 0 00-10-6H12c-8 0-13 7-12 14l21 106L0 362c-1 7 4 14 12 14h43c4 0 8-2 10-6l35-58h110l-34 185c-2 8 4 15 12 15h58a12 12 0 0010-6l104-194h112c57 0 104-25 104-56s-47-56-104-56z\"\/><\/svg><\/label>\n    <\/span>\n    <span style=\"display:none\">\n        <input type=\"text\" name=\"kc_honeypot\">\n    <\/span><\/span><\/span>\n\t<\/p>\n<\/div>\n<p><input class=\"wpcf7-form-control has-spinner wpcf7-submit\" type=\"submit\" value=\"Submit\" \/>\n<\/p><div class=\"wpcf7-response-output\" aria-hidden=\"true\"><\/div><\/form><\/div><\/div>\n<\/p>\n<h3>Les informations recueillies \u00e0 partir de ce formulaire sont enregistr\u00e9es et transmises \u00e0 MARIN &amp; TULLET pour le traitement de votre message.<\/h3>\n<p>Vous disposez d\u2019un\u00a0droit d\u2019acc\u00e8s, de\u00a0rectification\u00a0et\u00a0d\u2019opposition\u00a0aux donn\u00e9es vous concernant, que vous pouvez exercer en\u00a0remplissant <a href=\"https:\/\/www.marin-tullet.com\/contact-marin-tullet\/\">ce formulaire\u00a0<\/a>et\u00a0indiquant clairement l\u2019objet de votre demande ou par courrier sign\u00e9 accompagn\u00e9 de la copie d\u2019un titre d\u2019identit\u00e9 \u00e0 l\u2019adresse suivante :<br \/>\nMARIN&amp;TULLET \u2013 PARIS | Si\u00e8ge Social : 7, rue de Monceau, 75008 Paris<\/p>\n<p><a href=\"https:\/\/www.marin-tullet.com\/politique-de-protection-des-donnees-personnelles\/\">&gt; Politique de protection des donn\u00e9es personnelles<\/a><\/p>\n","protected":false},"excerpt":{"rendered":"<p>MARIN&amp;TULLET &#8211; PARIS | \u00a07, rue de Monceau, 75008 Paris Tel. 33 (0) 1 42 25 09 10 | Fax. 33 (0) 1 42 25 81 04 | e-mail : info@marin-tullet.com Information request Les informations recueillies \u00e0 partir de ce formulaire sont enregistr\u00e9es et transmises \u00e0 MARIN &amp; TULLET pour le traitement de votre message. [&hellip;]<\/p>\n","protected":false},"author":1,"featured_media":0,"parent":0,"menu_order":0,"comment_status":"closed","ping_status":"closed","template":"","meta":{"footnotes":""},"_links":{"self":[{"href":"https:\/\/www.marin-tullet.com\/en\/wp-json\/wp\/v2\/pages\/1183"}],"collection":[{"href":"https:\/\/www.marin-tullet.com\/en\/wp-json\/wp\/v2\/pages"}],"about":[{"href":"https:\/\/www.marin-tullet.com\/en\/wp-json\/wp\/v2\/types\/page"}],"author":[{"embeddable":true,"href":"https:\/\/www.marin-tullet.com\/en\/wp-json\/wp\/v2\/users\/1"}],"replies":[{"embeddable":true,"href":"https:\/\/www.marin-tullet.com\/en\/wp-json\/wp\/v2\/comments?post=1183"}],"version-history":[{"count":8,"href":"https:\/\/www.marin-tullet.com\/en\/wp-json\/wp\/v2\/pages\/1183\/revisions"}],"predecessor-version":[{"id":2217,"href":"https:\/\/www.marin-tullet.com\/en\/wp-json\/wp\/v2\/pages\/1183\/revisions\/2217"}],"wp:attachment":[{"href":"https:\/\/www.marin-tullet.com\/en\/wp-json\/wp\/v2\/media?parent=1183"}],"curies":[{"name":"wp","href":"https:\/\/api.w.org\/{rel}","templated":true}]}}