{"id":1209,"date":"2015-10-27T10:43:06","date_gmt":"2015-10-27T09:43:06","guid":{"rendered":"http:\/\/www.marin-tullet.com\/?page_id=1209&#038;lang=en"},"modified":"2015-10-27T10:43:06","modified_gmt":"2015-10-27T09:43:06","slug":"completed-designs","status":"publish","type":"page","link":"https:\/\/www.marin-tullet.com\/en\/completed-designs\/","title":{"rendered":"Completed designs"},"content":{"rendered":"<p style=\"text-align: center;\">MARIN TULLET\u00a0met son\u00a0savoir-faire au service des tapissiers,\u00a0d\u00e9corateurs et architectes du monde entier.<\/p>\n<p style=\"text-align: center;\">Monuments historiques, batiments publics, mus\u00e9es, h\u00f4tels, boutiques, restaurants, palais royaux, r\u00e9sidences priv\u00e9es\u2026<\/p>\n<p style=\"text-align: center;\"><div id=\"metaslider-id-618\" style=\"max-width: 1024px; margin: 0 auto;\" class=\"ml-slider-3-28-2 ml-slider-pro-2-6-6 metaslider metaslider-flex metaslider-618 ml-slider ms-theme-_theme_1437053127 nav-hidden\">\n    <div id=\"metaslider_container_618\">\n        <div id=\"metaslider_618\">\n            <ul aria-live=\"polite\" class=\"slides\">\n                <li style=\"display: block; width: 100%;\" class=\"slide-1579 ms-image\"><img loading=\"lazy\" decoding=\"async\" src=\"https:\/\/www.marin-tullet.com\/wp-content\/uploads\/2015\/11\/ref1.jpg\" height=\"350\" width=\"1024\" alt=\"\" class=\"slider-618 slide-1579\" \/><\/li>\n                <li style=\"display: none; width: 100%;\" class=\"slide-1582 ms-image\"><img loading=\"lazy\" decoding=\"async\" src=\"https:\/\/www.marin-tullet.com\/wp-content\/uploads\/2015\/11\/ref2.jpg\" height=\"350\" width=\"1024\" alt=\"\" class=\"slider-618 slide-1582\" \/><\/li>\n                <li style=\"display: none; width: 100%;\" class=\"slide-1585 ms-image\"><img loading=\"lazy\" decoding=\"async\" src=\"https:\/\/www.marin-tullet.com\/wp-content\/uploads\/2015\/11\/ref3.jpg\" height=\"350\" width=\"1024\" alt=\"\" class=\"slider-618 slide-1585\" \/><\/li>\n                <li style=\"display: none; width: 100%;\" class=\"slide-1588 ms-image\"><img loading=\"lazy\" decoding=\"async\" src=\"https:\/\/www.marin-tullet.com\/wp-content\/uploads\/2015\/11\/ref4.jpg\" height=\"350\" width=\"1024\" alt=\"\" class=\"slider-618 slide-1588\" \/><\/li>\n                <li style=\"display: none; width: 100%;\" class=\"slide-1591 ms-image\"><img loading=\"lazy\" decoding=\"async\" src=\"https:\/\/www.marin-tullet.com\/wp-content\/uploads\/2015\/11\/ref5.jpg\" height=\"350\" width=\"1024\" alt=\"\" class=\"slider-618 slide-1591\" \/><\/li>\n            <\/ul>\n        <\/div>\n        \n    <\/div>\n<\/div><\/p>\n","protected":false},"excerpt":{"rendered":"<p>MARIN TULLET\u00a0met son\u00a0savoir-faire au service des tapissiers,\u00a0d\u00e9corateurs et architectes du monde entier. Monuments historiques, batiments publics, mus\u00e9es, h\u00f4tels, boutiques, restaurants, palais royaux, r\u00e9sidences priv\u00e9es\u2026<\/p>\n","protected":false},"author":1,"featured_media":0,"parent":0,"menu_order":0,"comment_status":"closed","ping_status":"closed","template":"","meta":{"footnotes":""},"_links":{"self":[{"href":"https:\/\/www.marin-tullet.com\/en\/wp-json\/wp\/v2\/pages\/1209"}],"collection":[{"href":"https:\/\/www.marin-tullet.com\/en\/wp-json\/wp\/v2\/pages"}],"about":[{"href":"https:\/\/www.marin-tullet.com\/en\/wp-json\/wp\/v2\/types\/page"}],"author":[{"embeddable":true,"href":"https:\/\/www.marin-tullet.com\/en\/wp-json\/wp\/v2\/users\/1"}],"replies":[{"embeddable":true,"href":"https:\/\/www.marin-tullet.com\/en\/wp-json\/wp\/v2\/comments?post=1209"}],"version-history":[{"count":1,"href":"https:\/\/www.marin-tullet.com\/en\/wp-json\/wp\/v2\/pages\/1209\/revisions"}],"predecessor-version":[{"id":1210,"href":"https:\/\/www.marin-tullet.com\/en\/wp-json\/wp\/v2\/pages\/1209\/revisions\/1210"}],"wp:attachment":[{"href":"https:\/\/www.marin-tullet.com\/en\/wp-json\/wp\/v2\/media?parent=1209"}],"curies":[{"name":"wp","href":"https:\/\/api.w.org\/{rel}","templated":true}]}}