{"id":1741,"date":"2016-01-05T17:07:47","date_gmt":"2016-01-05T16:07:47","guid":{"rendered":"http:\/\/www.marin-tullet.com\/en\/?page_id=1741"},"modified":"2016-01-05T17:07:47","modified_gmt":"2016-01-05T16:07:47","slug":"systemes-electriques","status":"publish","type":"page","link":"https:\/\/www.marin-tullet.com\/en\/systemes-electriques\/","title":{"rendered":"Syst\u00e8mes \u00e9lectriques"},"content":{"rendered":"<p><strong>Page en cours de construction.<\/strong><\/p>\n<p>N\u2019h\u00e9sitez pas \u00e0 nous consulter pour toute question concernant les syst\u00e8mes \u00e9lectriques.<br \/>\n<a href=\"mailto:info@marin-tullet.com\">info@marin-tullet.com<\/a><br \/>\n<strong>+33 (0)1 42 25 09 10<\/strong><\/p>\n<p><\/br><\/p>\n<p style=\"text-align: center;\">MARIN TULLET \u00a0propose \u00e9galement des stores et des tringles \u00e0 rideaux \u00e9lectrique sur mesure.<\/p>\n","protected":false},"excerpt":{"rendered":"<p>Page en cours de construction. N\u2019h\u00e9sitez pas \u00e0 nous consulter pour toute question concernant les syst\u00e8mes \u00e9lectriques. info@marin-tullet.com +33 (0)1 42 25 09 10 MARIN TULLET \u00a0propose \u00e9galement des stores et des tringles \u00e0 rideaux \u00e9lectrique sur mesure.<\/p>\n","protected":false},"author":1,"featured_media":0,"parent":0,"menu_order":0,"comment_status":"closed","ping_status":"closed","template":"","meta":{"footnotes":""},"_links":{"self":[{"href":"https:\/\/www.marin-tullet.com\/en\/wp-json\/wp\/v2\/pages\/1741"}],"collection":[{"href":"https:\/\/www.marin-tullet.com\/en\/wp-json\/wp\/v2\/pages"}],"about":[{"href":"https:\/\/www.marin-tullet.com\/en\/wp-json\/wp\/v2\/types\/page"}],"author":[{"embeddable":true,"href":"https:\/\/www.marin-tullet.com\/en\/wp-json\/wp\/v2\/users\/1"}],"replies":[{"embeddable":true,"href":"https:\/\/www.marin-tullet.com\/en\/wp-json\/wp\/v2\/comments?post=1741"}],"version-history":[{"count":1,"href":"https:\/\/www.marin-tullet.com\/en\/wp-json\/wp\/v2\/pages\/1741\/revisions"}],"predecessor-version":[{"id":1742,"href":"https:\/\/www.marin-tullet.com\/en\/wp-json\/wp\/v2\/pages\/1741\/revisions\/1742"}],"wp:attachment":[{"href":"https:\/\/www.marin-tullet.com\/en\/wp-json\/wp\/v2\/media?parent=1741"}],"curies":[{"name":"wp","href":"https:\/\/api.w.org\/{rel}","templated":true}]}}