{"id":874,"date":"2015-10-07T17:18:50","date_gmt":"2015-10-07T16:18:50","guid":{"rendered":"http:\/\/www.marin-tullet.com\/?page_id=874&#038;lang=en"},"modified":"2018-07-12T14:31:57","modified_gmt":"2018-07-12T13:31:57","slug":"my-account","status":"publish","type":"page","link":"https:\/\/www.marin-tullet.com\/en\/my-account\/","title":{"rendered":"My Account"},"content":{"rendered":"<div style=\"width: 100%; float: left;\"><div class=\"woocommerce\"><\/div><\/div>\n<p>&nbsp;<\/p>\n<h3>Les informations recueillies \u00e0 partir de ce formulaire sont enregistr\u00e9es et transmises \u00e0 MARIN &amp; TULLET pour le traitement de votre message.<\/h3>\n<p>Vous disposez d\u2019un\u00a0droit d\u2019acc\u00e8s, de\u00a0rectification\u00a0et\u00a0d\u2019opposition\u00a0aux donn\u00e9es vous concernant, que vous pouvez exercer en\u00a0remplissant <a href=\"https:\/\/www.marin-tullet.com\/contact-marin-tullet\/\">ce formulaire\u00a0<\/a>et\u00a0indiquant clairement l\u2019objet de votre demande ou par courrier sign\u00e9 accompagn\u00e9 de la copie d\u2019un titre d\u2019identit\u00e9 \u00e0 l\u2019adresse suivante :<br \/>\nMARIN&amp;TULLET \u2013 PARIS | Si\u00e8ge Social : 7, rue de Monceau, 75008 Paris<\/p>\n<p><a href=\"https:\/\/www.marin-tullet.com\/politique-de-protection-des-donnees-personnelles\/\">&gt; Politique de protection des donn\u00e9es personnelles<\/a><\/p>\n","protected":false},"excerpt":{"rendered":"<p>&nbsp; Les informations recueillies \u00e0 partir de ce formulaire sont enregistr\u00e9es et transmises \u00e0 MARIN &amp; TULLET pour le traitement de votre message. Vous disposez d\u2019un\u00a0droit d\u2019acc\u00e8s, de\u00a0rectification\u00a0et\u00a0d\u2019opposition\u00a0aux donn\u00e9es vous concernant, que vous pouvez exercer en\u00a0remplissant ce formulaire\u00a0et\u00a0indiquant clairement l\u2019objet de votre demande ou par courrier sign\u00e9 accompagn\u00e9 de la copie d\u2019un titre d\u2019identit\u00e9 \u00e0 [&hellip;]<\/p>\n","protected":false},"author":1,"featured_media":0,"parent":0,"menu_order":0,"comment_status":"closed","ping_status":"closed","template":"","meta":{"footnotes":""},"_links":{"self":[{"href":"https:\/\/www.marin-tullet.com\/en\/wp-json\/wp\/v2\/pages\/874"}],"collection":[{"href":"https:\/\/www.marin-tullet.com\/en\/wp-json\/wp\/v2\/pages"}],"about":[{"href":"https:\/\/www.marin-tullet.com\/en\/wp-json\/wp\/v2\/types\/page"}],"author":[{"embeddable":true,"href":"https:\/\/www.marin-tullet.com\/en\/wp-json\/wp\/v2\/users\/1"}],"replies":[{"embeddable":true,"href":"https:\/\/www.marin-tullet.com\/en\/wp-json\/wp\/v2\/comments?post=874"}],"version-history":[{"count":1,"href":"https:\/\/www.marin-tullet.com\/en\/wp-json\/wp\/v2\/pages\/874\/revisions"}],"predecessor-version":[{"id":2028,"href":"https:\/\/www.marin-tullet.com\/en\/wp-json\/wp\/v2\/pages\/874\/revisions\/2028"}],"wp:attachment":[{"href":"https:\/\/www.marin-tullet.com\/en\/wp-json\/wp\/v2\/media?parent=874"}],"curies":[{"name":"wp","href":"https:\/\/api.w.org\/{rel}","templated":true}]}}