{"id":1259,"date":"2015-09-28T14:02:05","date_gmt":"2015-09-28T13:02:05","guid":{"rendered":"http:\/\/www.marin-tullet.com\/?product=gond-cuivre-serie-renforcee-tete-gaudron&#038;lang=en"},"modified":"2016-05-09T08:31:19","modified_gmt":"2016-05-09T07:31:19","slug":"gond-cuivre-serie-renforcee-tete-gaudron","status":"publish","type":"product","link":"https:\/\/www.marin-tullet.com\/en\/product\/gond-cuivre-serie-renforcee-tete-gaudron\/","title":{"rendered":"Gond Cuivre S\u00e9rie Renforc\u00e9e T\u00eate Gaudron"},"content":{"rendered":"<p><img loading=\"lazy\" decoding=\"async\" class=\"alignnone size-medium wp-image-1013\" src=\"https:\/\/www.marin-tullet.com\/wp-content\/uploads\/2015\/10\/22-300x195.png\" alt=\"22\" width=\"300\" height=\"195\" srcset=\"https:\/\/www.marin-tullet.com\/wp-content\/uploads\/2015\/10\/22-300x195.png 300w, https:\/\/www.marin-tullet.com\/wp-content\/uploads\/2015\/10\/22.png 416w\" sizes=\"(max-width: 300px) 100vw, 300px\" \/><\/p>\n","protected":false},"excerpt":{"rendered":"","protected":false},"featured_media":289,"template":"","meta":[],"product_cat":[65],"product_tag":[],"_links":{"self":[{"href":"https:\/\/www.marin-tullet.com\/en\/wp-json\/wp\/v2\/product\/1259"}],"collection":[{"href":"https:\/\/www.marin-tullet.com\/en\/wp-json\/wp\/v2\/product"}],"about":[{"href":"https:\/\/www.marin-tullet.com\/en\/wp-json\/wp\/v2\/types\/product"}],"wp:featuredmedia":[{"embeddable":true,"href":"https:\/\/www.marin-tullet.com\/en\/wp-json\/wp\/v2\/media\/289"}],"wp:attachment":[{"href":"https:\/\/www.marin-tullet.com\/en\/wp-json\/wp\/v2\/media?parent=1259"}],"wp:term":[{"taxonomy":"product_cat","embeddable":true,"href":"https:\/\/www.marin-tullet.com\/en\/wp-json\/wp\/v2\/product_cat?post=1259"},{"taxonomy":"product_tag","embeddable":true,"href":"https:\/\/www.marin-tullet.com\/en\/wp-json\/wp\/v2\/product_tag?post=1259"}],"curies":[{"name":"wp","href":"https:\/\/api.w.org\/{rel}","templated":true}]}}